{"id":816,"date":"2021-02-11T11:33:33","date_gmt":"2021-02-11T11:33:33","guid":{"rendered":"http:\/\/bestincapital.com\/?page_id=816"},"modified":"2026-02-19T13:46:51","modified_gmt":"2026-02-19T13:46:51","slug":"impressum","status":"publish","type":"page","link":"https:\/\/bestin.capital\/de\/impressum","title":{"rendered":"Impressum"},"content":{"rendered":"\n<style type=\"text\/css\" data-created_by=\"avia_inline_auto\" id=\"style-css-av-1eqx5c-e683d6442b888cef921bbd3fd859708a\">\n.avia-section.av-1eqx5c-e683d6442b888cef921bbd3fd859708a{\nbackground-color:#333333;\nbackground-image:url(https:\/\/bestin.capital\/wp-content\/uploads\/2022\/04\/hintergrundkachel_633x633.png);\nbackground-repeat:repeat;\nbackground-position:0% 0%;\nbackground-attachment:fixed;\n}\n<\/style>\n<div id='av_section_1'  class='avia-section av-1eqx5c-e683d6442b888cef921bbd3fd859708a main_color avia-section-default avia-no-border-styling  avia-builder-el-0  avia-builder-el-no-sibling  avia-bg-style-fixed container_wrap sidebar_right'  data-section-bg-repeat='repeat'><div class='container av-section-cont-open' ><main  role=\"main\" itemprop=\"mainContentOfPage\"  class='template-page content  av-content-small alpha units'><div class='post-entry post-entry-type-page post-entry-816'><div class='entry-content-wrapper clearfix'>\n\n<style type=\"text\/css\" data-created_by=\"avia_inline_auto\" id=\"style-css-av-849go-090395ebb42af968bdaf9d99d51dad51\">\n.flex_column.av-849go-090395ebb42af968bdaf9d99d51dad51{\npadding:0 0 0 40px;\n}\n<\/style>\n<div  class='flex_column av-849go-090395ebb42af968bdaf9d99d51dad51 av_one_full  avia-builder-el-1  el_before_av_one_half  avia-builder-el-first  first flex_column_div  '     ><style type=\"text\/css\" data-created_by=\"avia_inline_auto\" id=\"style-css-av-l1p4p3tt-980197b97d2334f8e8d400802384c9dd\">\n#top .av_textblock_section.av-l1p4p3tt-980197b97d2334f8e8d400802384c9dd .avia_textblock{\ncolor:#ffffff;\n}\n\n@media only screen and (min-width: 480px) and (max-width: 767px){ \n#top .av_textblock_section.av-l1p4p3tt-980197b97d2334f8e8d400802384c9dd .avia_textblock{\nfont-size:15px;\n}\n}\n\n@media only screen and (max-width: 479px){ \n#top .av_textblock_section.av-l1p4p3tt-980197b97d2334f8e8d400802384c9dd .avia_textblock{\nfont-size:15px;\n}\n}\n<\/style>\n<section  class='av_textblock_section av-l1p4p3tt-980197b97d2334f8e8d400802384c9dd '   itemscope=\"itemscope\" itemtype=\"https:\/\/schema.org\/CreativeWork\" ><div class='av-small-hide av-mini-hide avia_textblock av_inherit_color'  itemprop=\"text\" ><div style=\"color: white;\">\n<h1>Impressum<\/h1>\n<p>Hier k\u00f6nnen Sie nachlesen, wer f\u00fcr den Inhalt unserer Seite verantwortlich ist und durch wen das Unternehmen bestin.capital vertreten wird.<\/p>\n<\/div>\n<\/div><\/section><br \/>\n\n<style type=\"text\/css\" data-created_by=\"avia_inline_auto\" id=\"style-css-av-lh60gqto-f369865a13e5dc95a29a9b4c1665c202\">\n#top .av-special-heading.av-lh60gqto-f369865a13e5dc95a29a9b4c1665c202{\npadding-bottom:10px;\ncolor:#ffffff;\n}\nbody .av-special-heading.av-lh60gqto-f369865a13e5dc95a29a9b4c1665c202 .av-special-heading-tag .heading-char{\nfont-size:25px;\n}\n.av-special-heading.av-lh60gqto-f369865a13e5dc95a29a9b4c1665c202 .special-heading-inner-border{\nborder-color:#ffffff;\n}\n.av-special-heading.av-lh60gqto-f369865a13e5dc95a29a9b4c1665c202 .av-subheading{\nfont-size:15px;\n}\n<\/style>\n<div  class='av-special-heading av-lh60gqto-f369865a13e5dc95a29a9b4c1665c202 av-special-heading-h2 custom-color-heading blockquote modern-quote  avia-builder-el-3  el_after_av_textblock  avia-builder-el-last  av-desktop-hide av-medium-hide'><h2 class='av-special-heading-tag '  itemprop=\"headline\"  >Impressum<\/h2><div class=\"special-heading-border\"><div class=\"special-heading-inner-border\"><\/div><\/div><\/div><\/p><\/div><div class='flex_column_table av-19n99k-69070b81947cbe50b151e927fe249a02 sc-av_one_half av-equal-height-column-flextable'>\n<style type=\"text\/css\" data-created_by=\"avia_inline_auto\" id=\"style-css-av-19n99k-69070b81947cbe50b151e927fe249a02\">\n#top .flex_column_table.av-equal-height-column-flextable.av-19n99k-69070b81947cbe50b151e927fe249a02{\nmargin-top:0px;\nmargin-bottom:0px;\n}\n.flex_column.av-19n99k-69070b81947cbe50b151e927fe249a02{\nborder-radius:0px 0px 0px 0px;\npadding:40px 40px 0 40px;\nbackground-color:#0a6464;\n}\n<\/style>\n<div  class='flex_column av-19n99k-69070b81947cbe50b151e927fe249a02 av_one_half  avia-builder-el-4  el_after_av_one_full  el_before_av_one_half  first no_margin flex_column_table_cell av-equal-height-column av-align-top  column-top-margin'     ><p>\n<style type=\"text\/css\" data-created_by=\"avia_inline_auto\" id=\"style-css-av-738wg-33f586d8af19afce9d9d43a069087698\">\n#top .av-special-heading.av-738wg-33f586d8af19afce9d9d43a069087698{\npadding-bottom:10px;\ncolor:#ffffff;\nfont-size:25px;\n}\nbody .av-special-heading.av-738wg-33f586d8af19afce9d9d43a069087698 .av-special-heading-tag .heading-char{\nfont-size:25px;\n}\n#top #wrap_all .av-special-heading.av-738wg-33f586d8af19afce9d9d43a069087698 .av-special-heading-tag{\nfont-size:25px;\n}\n.av-special-heading.av-738wg-33f586d8af19afce9d9d43a069087698 .special-heading-inner-border{\nborder-color:#ffffff;\n}\n.av-special-heading.av-738wg-33f586d8af19afce9d9d43a069087698 .av-subheading{\nfont-size:15px;\n}\n\n@media only screen and (min-width: 480px) and (max-width: 767px){ \n#top #wrap_all .av-special-heading.av-738wg-33f586d8af19afce9d9d43a069087698 .av-special-heading-tag{\nfont-size:0.8em;\n}\n}\n\n@media only screen and (max-width: 479px){ \n#top #wrap_all .av-special-heading.av-738wg-33f586d8af19afce9d9d43a069087698 .av-special-heading-tag{\nfont-size:0.8em;\n}\n}\n<\/style>\n<div  class='av-special-heading av-738wg-33f586d8af19afce9d9d43a069087698 av-special-heading-h1 custom-color-heading blockquote modern-quote  avia-builder-el-5  el_before_av_textblock  avia-builder-el-first  av-inherit-size'><h1 class='av-special-heading-tag '  itemprop=\"headline\"  >Herausgeber<\/h1><div class=\"special-heading-border\"><div class=\"special-heading-inner-border\"><\/div><\/div><\/div><br \/>\n\n<style type=\"text\/css\" data-created_by=\"avia_inline_auto\" id=\"style-css-av-kl0s42fi-e70348991870e37be184a826b800db36\">\n#top .av_textblock_section.av-kl0s42fi-e70348991870e37be184a826b800db36 .avia_textblock{\ncolor:#ffffff;\n}\n<\/style>\n<section  class='av_textblock_section av-kl0s42fi-e70348991870e37be184a826b800db36 '   itemscope=\"itemscope\" itemtype=\"https:\/\/schema.org\/CreativeWork\" ><div class='avia_textblock av_inherit_color'  itemprop=\"text\" ><p>bestin.capital GmbH<br \/>\nRandersbergweg 651<br \/>\n5084 Gro\u00dfgmain \/ Salzburg<\/p>\n<p>Telefon: +43 (0)664 554 1463<br \/>\nE-Mail: <a href=\"mailto:office@bestin.capital\">office@bestin.capital<\/a><br \/>\nKontakt Datenschutzbeauftragter: <a href=\"mailto:datenschutz@bestin.capital\">datenschutz@bestin.capital<\/a><\/p>\n<p><a href=\"https:\/\/bestin.capital\/unser-team-bestin-capital\"><strong>Vertreten durch:<\/strong><\/a><br \/>\nStefan Becker | gesch\u00e4ftsf\u00fchrender Gesellschafter<\/p>\n<p>Tim Becker | gesch\u00e4ftsf\u00fchrender Gesellschafter<\/p>\n<p><strong>Registereintrag:<\/strong><br \/>\nEingetragen im Firmenbuch.<br \/>\nRegistergericht: Landesgericht Salzburg<br \/>\nRegisternummer: FN 311874p<\/p>\n<p><strong>Umsatzsteuer-ID: <\/strong><br \/>\nUmsatzsteuer-Identifikationsnummer nach \u00a727a Umsatzsteuergesetz:<br \/>\nATU64300722<\/p>\n<p><strong>Verantwortlich f\u00fcr den Inhalt<\/strong> (gem. \u00a7 55 Abs. 2 RStV):<br \/>\nStefan Becker<\/p>\n<p>Randersbergweg 651<br \/>\nA &#8211; 5084 Gro\u00dfgmain \/ Salzburg<\/p>\n<\/div><\/section><\/p><\/div>\n<style type=\"text\/css\" data-created_by=\"avia_inline_auto\" id=\"style-css-av-146r6w-410464a16daacea04405b0716c7f5c8d\">\n#top .flex_column_table.av-equal-height-column-flextable.av-146r6w-410464a16daacea04405b0716c7f5c8d{\nmargin-top:0px;\nmargin-bottom:0px;\n}\n.flex_column.av-146r6w-410464a16daacea04405b0716c7f5c8d{\nborder-radius:0px 0px 0px 0px;\npadding:0 0 0 0;\nbackground-color:#0a4650;\n}\n<\/style>\n<div  class='flex_column av-146r6w-410464a16daacea04405b0716c7f5c8d av_one_half  avia-builder-el-7  el_after_av_one_half  el_before_av_one_full  no_margin flex_column_table_cell av-equal-height-column av-align-top av-zero-column-padding  column-top-margin'     ><style type=\"text\/css\" data-created_by=\"avia_inline_auto\" id=\"style-css-av-kl0s4nzu-df07aa59d51cc31b214b6c1fb8556b6e\">\n#top .av_textblock_section.av-kl0s4nzu-df07aa59d51cc31b214b6c1fb8556b6e .avia_textblock{\ncolor:#ffffff;\n}\n<\/style>\n<section  class='av_textblock_section av-kl0s4nzu-df07aa59d51cc31b214b6c1fb8556b6e '   itemscope=\"itemscope\" itemtype=\"https:\/\/schema.org\/CreativeWork\" ><div class='avia_textblock av_inherit_color'  itemprop=\"text\" ><div style=\"padding: 40px\">\n<strong>Copyright:<\/strong><br \/>\nInhalt und Aufbau der bestin.capital Website sind urheberrechtlich gesch\u00fctzt. Die Vervielf\u00e4ltigung von Informationen oder Daten, insbesondere die Verwendung von Texten, Textteilen oder Bildmaterial bedarf der vorherigen Zustimmung.<\/div>\n<\/div><\/section><br \/>\n\n<style type=\"text\/css\" data-created_by=\"avia_inline_auto\" id=\"style-css-av-l1p4ximr-a720319fa2ccd7036558ed95cefad289\">\n.avia-image-container.av-l1p4ximr-a720319fa2ccd7036558ed95cefad289 img.avia_image{\nbox-shadow:none;\n}\n.avia-image-container.av-l1p4ximr-a720319fa2ccd7036558ed95cefad289 .av-image-caption-overlay-center{\ncolor:#ffffff;\n}\n<\/style>\n<div  class='avia-image-container av-l1p4ximr-a720319fa2ccd7036558ed95cefad289 av-styling-no-styling avia-align-center  avia-builder-el-9  el_after_av_textblock  avia-builder-el-last '   itemprop=\"image\" itemscope=\"itemscope\" itemtype=\"https:\/\/schema.org\/ImageObject\" ><div class=\"avia-image-container-inner\"><div class=\"avia-image-overlay-wrap\"><img decoding=\"async\" fetchpriority=\"high\" class='wp-image-2145 avia-img-lazy-loading-not-2145 avia_image ' src=\"https:\/\/bestin.capital\/wp-content\/uploads\/2022\/04\/about_1000x1000.jpg\" alt='' title='about_1000x1000'  height=\"1000\" width=\"1000\"  itemprop=\"thumbnailUrl\" srcset=\"https:\/\/bestin.capital\/wp-content\/uploads\/2022\/04\/about_1000x1000.jpg 1000w, https:\/\/bestin.capital\/wp-content\/uploads\/2022\/04\/about_1000x1000-300x300.jpg 300w, https:\/\/bestin.capital\/wp-content\/uploads\/2022\/04\/about_1000x1000-80x80.jpg 80w, https:\/\/bestin.capital\/wp-content\/uploads\/2022\/04\/about_1000x1000-768x768.jpg 768w, https:\/\/bestin.capital\/wp-content\/uploads\/2022\/04\/about_1000x1000-36x36.jpg 36w, https:\/\/bestin.capital\/wp-content\/uploads\/2022\/04\/about_1000x1000-180x180.jpg 180w, https:\/\/bestin.capital\/wp-content\/uploads\/2022\/04\/about_1000x1000-705x705.jpg 705w\" sizes=\"(max-width: 1000px) 100vw, 1000px\" \/><\/div><\/div><\/div><\/p><\/div><\/div><!--close column table wrapper. Autoclose: 1 -->\n<style type=\"text\/css\" data-created_by=\"avia_inline_auto\" id=\"style-css-av-l1p4z418-e5bd31d96ef7a003087bb8ce1d260585\">\n.flex_column.av-l1p4z418-e5bd31d96ef7a003087bb8ce1d260585{\npadding:40px 40px 40px 40px;\n}\n<\/style>\n<div  class='flex_column av-l1p4z418-e5bd31d96ef7a003087bb8ce1d260585 av_one_full  avia-builder-el-10  el_after_av_one_half  el_before_av_tab_container  first flex_column_div  column-top-margin'     ><style type=\"text\/css\" data-created_by=\"avia_inline_auto\" id=\"style-css-av-kl0s7ev1-cf9137d65a3c35198204ba8a6196d9c0\">\n#top .av-special-heading.av-kl0s7ev1-cf9137d65a3c35198204ba8a6196d9c0{\npadding-bottom:10px;\ncolor:#ffffff;\nfont-size:25px;\n}\nbody .av-special-heading.av-kl0s7ev1-cf9137d65a3c35198204ba8a6196d9c0 .av-special-heading-tag .heading-char{\nfont-size:25px;\n}\n#top #wrap_all .av-special-heading.av-kl0s7ev1-cf9137d65a3c35198204ba8a6196d9c0 .av-special-heading-tag{\nfont-size:25px;\n}\n.av-special-heading.av-kl0s7ev1-cf9137d65a3c35198204ba8a6196d9c0 .special-heading-inner-border{\nborder-color:#ffffff;\n}\n.av-special-heading.av-kl0s7ev1-cf9137d65a3c35198204ba8a6196d9c0 .av-subheading{\nfont-size:15px;\n}\n\n@media only screen and (min-width: 480px) and (max-width: 767px){ \n#top #wrap_all .av-special-heading.av-kl0s7ev1-cf9137d65a3c35198204ba8a6196d9c0 .av-special-heading-tag{\nfont-size:0.8em;\n}\n}\n\n@media only screen and (max-width: 479px){ \n#top #wrap_all .av-special-heading.av-kl0s7ev1-cf9137d65a3c35198204ba8a6196d9c0 .av-special-heading-tag{\nfont-size:0.8em;\n}\n}\n<\/style>\n<div  class='av-special-heading av-kl0s7ev1-cf9137d65a3c35198204ba8a6196d9c0 av-special-heading-h2 custom-color-heading blockquote modern-quote  avia-builder-el-11  avia-builder-el-no-sibling  av-inherit-size'><h2 class='av-special-heading-tag '  itemprop=\"headline\"  >Disclaimer \u2013 rechtliche Hinweise<\/h2><div class=\"special-heading-border\"><div class=\"special-heading-inner-border\"><\/div><\/div><\/div><\/div><div  class='tabcontainer av-kl0s97sb-8f1a5440ca4f625b3a5a4cb29fa809f6 top_tab  avia-builder-el-12  el_after_av_one_full  avia-builder-el-last '>\n<section class='av_tab_section av_tab_section av-rdrig-155db9f96473c8af23080f762f636ff0'  itemscope=\"itemscope\" itemtype=\"https:\/\/schema.org\/CreativeWork\" ><div id='tab-id-1-tab' class='tab active_tab' role='tab' aria-selected=\"true\" tabindex=\"0\" data-fake-id='#tab-id-1' aria-controls='tab-id-1-content'  itemprop=\"headline\" >\u00a7 1 Warnhinweis zu Inhalten<\/div><div id='tab-id-1-content' class='tab_content active_tab_content' role='tabpanel' aria-labelledby='tab-id-1-tab' aria-hidden=\"false\"><div class='tab_inner_content invers-color'  itemprop=\"text\" ><p>Die kostenlosen und frei zug\u00e4nglichen Inhalte dieser Webseite wurden mit gr\u00f6\u00dftm\u00f6glicher Sorgfalt erstellt. Der Anbieter dieser Webseite \u00fcbernimmt jedoch keine Gew\u00e4hr f\u00fcr die Richtigkeit und Aktualit\u00e4t der bereitgestellten kostenlosen und frei zug\u00e4nglichen journalistischen Ratgeber und Nachrichten. Namentlich gekennzeichnete Beitr\u00e4ge geben die Meinung des jeweiligen Autors und nicht immer die Meinung des Anbieters wieder. Allein durch den Aufruf der kostenlosen und frei zug\u00e4nglichen Inhalte kommt keinerlei Vertragsverh\u00e4ltnis zwischen dem Nutzer und dem Anbieter zustande, insoweit fehlt es am Rechtsbindungswillen des Anbieters.<\/p>\n<\/div><\/div><\/section>\n<section class='av_tab_section av_tab_section av-is4wo-d0af770b68bd9bb608afd55e78fa93bd'  itemscope=\"itemscope\" itemtype=\"https:\/\/schema.org\/CreativeWork\" ><div id='tab-id-2-tab' class='tab' role='tab' aria-selected=\"false\" tabindex=\"0\" data-fake-id='#tab-id-2' aria-controls='tab-id-2-content'  itemprop=\"headline\" >\u00a7 2 Externe Links<\/div><div id='tab-id-2-content' class='tab_content' role='tabpanel' aria-labelledby='tab-id-2-tab' aria-hidden=\"true\"><div class='tab_inner_content invers-color'  itemprop=\"text\" ><p>Diese Website enth\u00e4lt Verkn\u00fcpfungen zu Websites Dritter (\u201eexterne Links\u201c). Diese Websites unterliegen der Haftung der jeweiligen Betreiber. Der Anbieter hat bei der erstmaligen Verkn\u00fcpfung der externen Links die fremden Inhalte daraufhin \u00fcberpr\u00fcft, ob etwaige Rechtsverst\u00f6\u00dfe bestehen. Zu dem Zeitpunkt waren keine Rechtsverst\u00f6\u00dfe ersichtlich. Der Anbieter hat keinerlei Einfluss auf die aktuelle und zuk\u00fcnftige Gestaltung und auf die Inhalte der verkn\u00fcpften Seiten. Das Setzen von externen Links bedeutet nicht, dass sich der Anbieter die hinter dem Verweis oder Link liegenden Inhalte zu Eigen macht. Eine st\u00e4ndige Kontrolle der externen Links ist f\u00fcr den Anbieter ohne konkrete Hinweise auf Rechtsverst\u00f6\u00dfe nicht zumutbar. Bei Kenntnis von Rechtsverst\u00f6\u00dfen werden jedoch derartige externe Links unverz\u00fcglich gel\u00f6scht.<\/p>\n<\/div><\/div><\/section>\n<section class='av_tab_section av_tab_section av-hezm8-cab7a9b2f622e43cf993f4a50afb0907'  itemscope=\"itemscope\" itemtype=\"https:\/\/schema.org\/CreativeWork\" ><div id='tab-id-3-tab' class='tab' role='tab' aria-selected=\"false\" tabindex=\"0\" data-fake-id='#tab-id-3' aria-controls='tab-id-3-content'  itemprop=\"headline\" >\u00a7 3 Urheber- und Leistungsschutzrechte<\/div><div id='tab-id-3-content' class='tab_content' role='tabpanel' aria-labelledby='tab-id-3-tab' aria-hidden=\"true\"><div class='tab_inner_content invers-color'  itemprop=\"text\" ><p>Die auf dieser Website ver\u00f6ffentlichten Inhalte unterliegen dem deutschen Urheber- und Leistungsschutzrecht. Jede vom deutschen Urheber- und Leistungsschutzrecht nicht zugelassene Verwertung bedarf der vorherigen schriftlichen Zustimmung des Anbieters oder jeweiligen Rechteinhabers. Dies gilt insbesondere f\u00fcr Vervielf\u00e4ltigung, Bearbeitung, \u00dcbersetzung, Einspeicherung, Verarbeitung bzw. Wiedergabe von Inhalten in Datenbanken oder anderen elektronischen Medien und Systemen. Inhalte und Rechte Dritter sind dabei als solche gekennzeichnet. Die unerlaubte Vervielf\u00e4ltigung oder Weitergabe einzelner Inhalte oder kompletter Seiten ist nicht gestattet und strafbar. Lediglich die Herstellung von Kopien und Downloads f\u00fcr den pers\u00f6nlichen, privaten und nicht kommerziellen Gebrauch ist erlaubt.<\/p>\n<p>Die Darstellung dieser Website in fremden Frames ist nur mit schriftlicher Erlaubnis zul\u00e4ssig.<\/p>\n<\/div><\/div><\/section>\n<section class='av_tab_section av_tab_section av-7j4ns-c33b0d8359bc56eefdb62470b5c0d273'  itemscope=\"itemscope\" itemtype=\"https:\/\/schema.org\/CreativeWork\" ><div id='tab-id-4-tab' class='tab' role='tab' aria-selected=\"false\" tabindex=\"0\" data-fake-id='#tab-id-4' aria-controls='tab-id-4-content'  itemprop=\"headline\" >\u00a7 4 Besondere Nutzungsbedingungen<\/div><div id='tab-id-4-content' class='tab_content' role='tabpanel' aria-labelledby='tab-id-4-tab' aria-hidden=\"true\"><div class='tab_inner_content invers-color'  itemprop=\"text\" ><p>Soweit besondere Bedingungen f\u00fcr einzelne Nutzungen dieser Website von den vorgenannten Paragraphen abweichen, wird an entsprechender Stelle ausdr\u00fccklich darauf hingewiesen. In diesem Falle gelten im jeweiligen Einzelfall die besonderen Nutzungsbedingungen.<\/p>\n<\/div><\/div><\/section>\n<\/div>\n<\/div><\/div><\/main><!-- close content main element --><\/div><\/div><div id='after_section_1'  class='main_color av_default_container_wrap container_wrap sidebar_right'  ><div class='container av-section-cont-open' ><div class='template-page content  av-content-small alpha units'><div class='post-entry post-entry-type-page post-entry-816'><div class='entry-content-wrapper clearfix'>\n","protected":false},"excerpt":{"rendered":"","protected":false},"author":4,"featured_media":0,"parent":0,"menu_order":0,"comment_status":"closed","ping_status":"closed","template":"","meta":{"footnotes":""},"class_list":["post-816","page","type-page","status-publish","hentry"],"yoast_head":"<!-- This site is optimized with the Yoast SEO plugin v27.4 - https:\/\/yoast.com\/product\/yoast-seo-wordpress\/ -->\n<title>Impressum &#8211; bestin.capital<\/title>\n<meta name=\"description\" content=\"Hier k\u00f6nnen Sie nachlesen, wer f\u00fcr den Inhalt unserer Seite verantwortlich ist und durch wen das Unternehmen bestin.capital vertreten wird.\" \/>\n<meta name=\"robots\" content=\"index, follow, max-snippet:-1, max-image-preview:large, max-video-preview:-1\" \/>\n<link rel=\"canonical\" href=\"https:\/\/bestin.capital\/de\/impressum\/\" \/>\n<meta property=\"og:locale\" content=\"de_DE\" \/>\n<meta property=\"og:type\" content=\"article\" \/>\n<meta property=\"og:title\" content=\"Impressum &#8211; bestin.capital\" \/>\n<meta property=\"og:description\" content=\"Hier k\u00f6nnen Sie nachlesen, wer f\u00fcr den Inhalt unserer Seite verantwortlich ist und durch wen das Unternehmen bestin.capital vertreten wird.\" \/>\n<meta property=\"og:url\" content=\"https:\/\/bestin.capital\/de\/impressum\/\" \/>\n<meta property=\"og:site_name\" content=\"bestin.capital\" \/>\n<meta property=\"article:modified_time\" content=\"2026-02-19T13:46:51+00:00\" \/>\n<meta name=\"twitter:card\" content=\"summary_large_image\" \/>\n<meta name=\"twitter:label1\" content=\"Gesch\u00e4tzte Lesezeit\" \/>\n\t<meta name=\"twitter:data1\" content=\"3\u00a0Minuten\" \/>\n<script type=\"application\/ld+json\" class=\"yoast-schema-graph\">{\"@context\":\"https:\\\/\\\/schema.org\",\"@graph\":[{\"@type\":[\"WebPage\",\"AboutPage\"],\"@id\":\"https:\\\/\\\/bestin.capital\\\/impressum\",\"url\":\"https:\\\/\\\/bestin.capital\\\/impressum\",\"name\":\"Impressum &#8211; bestin.capital\",\"isPartOf\":{\"@id\":\"https:\\\/\\\/bestin.capital\\\/#website\"},\"datePublished\":\"2021-02-11T11:33:33+00:00\",\"dateModified\":\"2026-02-19T13:46:51+00:00\",\"description\":\"Hier k\u00f6nnen Sie nachlesen, wer f\u00fcr den Inhalt unserer Seite verantwortlich ist und durch wen das Unternehmen bestin.capital vertreten wird.\",\"breadcrumb\":{\"@id\":\"https:\\\/\\\/bestin.capital\\\/impressum#breadcrumb\"},\"inLanguage\":\"de\",\"potentialAction\":[{\"@type\":\"ReadAction\",\"target\":[\"https:\\\/\\\/bestin.capital\\\/impressum\"]}]},{\"@type\":\"BreadcrumbList\",\"@id\":\"https:\\\/\\\/bestin.capital\\\/impressum#breadcrumb\",\"itemListElement\":[{\"@type\":\"ListItem\",\"position\":1,\"name\":\"Startseite\",\"item\":\"https:\\\/\\\/bestin.capital\\\/alternative-unternehmensfinanzierung-kapitalmarktloesungen-bestin-capital\"},{\"@type\":\"ListItem\",\"position\":2,\"name\":\"Impressum\"}]},{\"@type\":\"WebSite\",\"@id\":\"https:\\\/\\\/bestin.capital\\\/#website\",\"url\":\"https:\\\/\\\/bestin.capital\\\/\",\"name\":\"bestin capital\",\"description\":\"Ihr Finanzierungspartner\",\"publisher\":{\"@id\":\"https:\\\/\\\/bestin.capital\\\/#organization\"},\"potentialAction\":[{\"@type\":\"SearchAction\",\"target\":{\"@type\":\"EntryPoint\",\"urlTemplate\":\"https:\\\/\\\/bestin.capital\\\/?s={search_term_string}\"},\"query-input\":{\"@type\":\"PropertyValueSpecification\",\"valueRequired\":true,\"valueName\":\"search_term_string\"}}],\"inLanguage\":\"de\"},{\"@type\":\"Organization\",\"@id\":\"https:\\\/\\\/bestin.capital\\\/#organization\",\"name\":\"bestin.capital GmbH\",\"url\":\"https:\\\/\\\/bestin.capital\\\/\",\"logo\":{\"@type\":\"ImageObject\",\"inLanguage\":\"de\",\"@id\":\"https:\\\/\\\/bestin.capital\\\/#\\\/schema\\\/logo\\\/image\\\/\",\"url\":\"https:\\\/\\\/bestin.capital\\\/wp-content\\\/uploads\\\/2022\\\/09\\\/Logo_BC.png\",\"contentUrl\":\"https:\\\/\\\/bestin.capital\\\/wp-content\\\/uploads\\\/2022\\\/09\\\/Logo_BC.png\",\"width\":326,\"height\":333,\"caption\":\"bestin.capital GmbH\"},\"image\":{\"@id\":\"https:\\\/\\\/bestin.capital\\\/#\\\/schema\\\/logo\\\/image\\\/\"},\"sameAs\":[\"https:\\\/\\\/www.linkedin.com\\\/company\\\/40941829\\\/admin\\\/\"]}]}<\/script>\n<!-- \/ Yoast SEO plugin. -->","yoast_head_json":{"title":"Impressum &#8211; bestin.capital","description":"Hier k\u00f6nnen Sie nachlesen, wer f\u00fcr den Inhalt unserer Seite verantwortlich ist und durch wen das Unternehmen bestin.capital vertreten wird.","robots":{"index":"index","follow":"follow","max-snippet":"max-snippet:-1","max-image-preview":"max-image-preview:large","max-video-preview":"max-video-preview:-1"},"canonical":"https:\/\/bestin.capital\/de\/impressum\/","og_locale":"de_DE","og_type":"article","og_title":"Impressum &#8211; bestin.capital","og_description":"Hier k\u00f6nnen Sie nachlesen, wer f\u00fcr den Inhalt unserer Seite verantwortlich ist und durch wen das Unternehmen bestin.capital vertreten wird.","og_url":"https:\/\/bestin.capital\/de\/impressum\/","og_site_name":"bestin.capital","article_modified_time":"2026-02-19T13:46:51+00:00","twitter_card":"summary_large_image","twitter_misc":{"Gesch\u00e4tzte Lesezeit":"3\u00a0Minuten"},"schema":{"@context":"https:\/\/schema.org","@graph":[{"@type":["WebPage","AboutPage"],"@id":"https:\/\/bestin.capital\/impressum","url":"https:\/\/bestin.capital\/impressum","name":"Impressum &#8211; bestin.capital","isPartOf":{"@id":"https:\/\/bestin.capital\/#website"},"datePublished":"2021-02-11T11:33:33+00:00","dateModified":"2026-02-19T13:46:51+00:00","description":"Hier k\u00f6nnen Sie nachlesen, wer f\u00fcr den Inhalt unserer Seite verantwortlich ist und durch wen das Unternehmen bestin.capital vertreten wird.","breadcrumb":{"@id":"https:\/\/bestin.capital\/impressum#breadcrumb"},"inLanguage":"de","potentialAction":[{"@type":"ReadAction","target":["https:\/\/bestin.capital\/impressum"]}]},{"@type":"BreadcrumbList","@id":"https:\/\/bestin.capital\/impressum#breadcrumb","itemListElement":[{"@type":"ListItem","position":1,"name":"Startseite","item":"https:\/\/bestin.capital\/alternative-unternehmensfinanzierung-kapitalmarktloesungen-bestin-capital"},{"@type":"ListItem","position":2,"name":"Impressum"}]},{"@type":"WebSite","@id":"https:\/\/bestin.capital\/#website","url":"https:\/\/bestin.capital\/","name":"bestin capital","description":"Ihr Finanzierungspartner","publisher":{"@id":"https:\/\/bestin.capital\/#organization"},"potentialAction":[{"@type":"SearchAction","target":{"@type":"EntryPoint","urlTemplate":"https:\/\/bestin.capital\/?s={search_term_string}"},"query-input":{"@type":"PropertyValueSpecification","valueRequired":true,"valueName":"search_term_string"}}],"inLanguage":"de"},{"@type":"Organization","@id":"https:\/\/bestin.capital\/#organization","name":"bestin.capital GmbH","url":"https:\/\/bestin.capital\/","logo":{"@type":"ImageObject","inLanguage":"de","@id":"https:\/\/bestin.capital\/#\/schema\/logo\/image\/","url":"https:\/\/bestin.capital\/wp-content\/uploads\/2022\/09\/Logo_BC.png","contentUrl":"https:\/\/bestin.capital\/wp-content\/uploads\/2022\/09\/Logo_BC.png","width":326,"height":333,"caption":"bestin.capital GmbH"},"image":{"@id":"https:\/\/bestin.capital\/#\/schema\/logo\/image\/"},"sameAs":["https:\/\/www.linkedin.com\/company\/40941829\/admin\/"]}]}},"_links":{"self":[{"href":"https:\/\/bestin.capital\/de\/wp-json\/wp\/v2\/pages\/816","targetHints":{"allow":["GET"]}}],"collection":[{"href":"https:\/\/bestin.capital\/de\/wp-json\/wp\/v2\/pages"}],"about":[{"href":"https:\/\/bestin.capital\/de\/wp-json\/wp\/v2\/types\/page"}],"author":[{"embeddable":true,"href":"https:\/\/bestin.capital\/de\/wp-json\/wp\/v2\/users\/4"}],"replies":[{"embeddable":true,"href":"https:\/\/bestin.capital\/de\/wp-json\/wp\/v2\/comments?post=816"}],"version-history":[{"count":31,"href":"https:\/\/bestin.capital\/de\/wp-json\/wp\/v2\/pages\/816\/revisions"}],"predecessor-version":[{"id":5359,"href":"https:\/\/bestin.capital\/de\/wp-json\/wp\/v2\/pages\/816\/revisions\/5359"}],"wp:attachment":[{"href":"https:\/\/bestin.capital\/de\/wp-json\/wp\/v2\/media?parent=816"}],"curies":[{"name":"wp","href":"https:\/\/api.w.org\/{rel}","templated":true}]}}